{"id":162,"date":"2024-01-09T09:11:49","date_gmt":"2024-01-09T12:11:49","guid":{"rendered":"https:\/\/mitresalta.com.ar\/wpms\/?page_id=162"},"modified":"2024-01-09T09:11:49","modified_gmt":"2024-01-09T12:11:49","slug":"la-radio","status":"publish","type":"page","link":"https:\/\/mitresalta.com.ar\/wpms\/la-radio\/","title":{"rendered":"La radio"},"content":{"rendered":"<p class=\"textos_main\"><span class=\"textos_main\">Con estudios centrales en\u00a0<strong>Av, Francisco de Gurruchaga 225<\/strong>\u00a0de la ciudad de Salta (zona monumento a G\u00fcemes) y antena transmisora en\u00a0<strong>cerro 20 de Febrero<\/strong>, FM 25 de Mayo FM 93.3 (<strong>radio Mitre Salta<\/strong>), retransmite desde hace m\u00e1s de 20 a\u00f1os los programas l\u00edderes de\u00a0<strong>Radio Mitre AM 790<\/strong>\u00a0(Buenos Aires) con periodistas como\u00a0<b>Eduardo Feinmann<\/b><\/span><span class=\"resal\">,\u00a0<strong>Jorge Lanata<\/strong>,\u00a0<strong>Alfredo Leuco<\/strong>, entre otros,<\/span><span class=\"textos_main\">\u00a0con una variedad de\u00a0<strong>programas locales<\/strong>\u00a0con distintos formatos y tem\u00e1ticas<\/span>.<\/p>\n<p class=\"textos_main\"><span class=\"textos_main\">Nuestra programaci\u00f3n puede escucharse por la frecuencia\u00a0<\/span><strong><span class=\"resal\">FM 93.3<\/span><\/strong><span class=\"textos_main\"><strong>\u00a0en Salta Capital<\/strong>\u00a0y tambi\u00e9n a trav\u00e9s de internet, en vivo las 24 horas en\u00a0<a href=\"https:\/\/www.mitresalta.com.ar,\/\"><strong>www.mitresalta.com.ar<\/strong>,<\/a>\u00a0utilizando la plataforma cienradios.com.\u00a0<\/span><\/p>\n<p><a href=\"https:\/\/i0.wp.com\/mitresalta.com.ar\/wpms\/wp-content\/uploads\/2024\/01\/estudio01.png?ssl=1\"><img data-recalc-dims=\"1\" loading=\"lazy\" decoding=\"async\" class=\"alignnone size-full wp-image-163\" src=\"https:\/\/i0.wp.com\/mitresalta.com.ar\/wpms\/wp-content\/uploads\/2024\/01\/estudio01.png?resize=640%2C299&#038;ssl=1\" alt=\"\" width=\"640\" height=\"299\" srcset=\"https:\/\/i0.wp.com\/mitresalta.com.ar\/wpms\/wp-content\/uploads\/2024\/01\/estudio01.png?w=1200&amp;ssl=1 1200w, https:\/\/i0.wp.com\/mitresalta.com.ar\/wpms\/wp-content\/uploads\/2024\/01\/estudio01.png?resize=300%2C140&amp;ssl=1 300w, https:\/\/i0.wp.com\/mitresalta.com.ar\/wpms\/wp-content\/uploads\/2024\/01\/estudio01.png?resize=1024%2C479&amp;ssl=1 1024w, https:\/\/i0.wp.com\/mitresalta.com.ar\/wpms\/wp-content\/uploads\/2024\/01\/estudio01.png?resize=768%2C359&amp;ssl=1 768w, https:\/\/i0.wp.com\/mitresalta.com.ar\/wpms\/wp-content\/uploads\/2024\/01\/estudio01.png?resize=850%2C397&amp;ssl=1 850w\" sizes=\"auto, (max-width: 640px) 100vw, 640px\" \/><\/a> <a href=\"https:\/\/i0.wp.com\/mitresalta.com.ar\/wpms\/wp-content\/uploads\/2024\/01\/operacion01.png?ssl=1\"><img data-recalc-dims=\"1\" loading=\"lazy\" decoding=\"async\" class=\"alignnone size-full wp-image-164\" src=\"https:\/\/i0.wp.com\/mitresalta.com.ar\/wpms\/wp-content\/uploads\/2024\/01\/operacion01.png?resize=640%2C322&#038;ssl=1\" alt=\"\" width=\"640\" height=\"322\" srcset=\"https:\/\/i0.wp.com\/mitresalta.com.ar\/wpms\/wp-content\/uploads\/2024\/01\/operacion01.png?w=1199&amp;ssl=1 1199w, https:\/\/i0.wp.com\/mitresalta.com.ar\/wpms\/wp-content\/uploads\/2024\/01\/operacion01.png?resize=300%2C151&amp;ssl=1 300w, https:\/\/i0.wp.com\/mitresalta.com.ar\/wpms\/wp-content\/uploads\/2024\/01\/operacion01.png?resize=1024%2C516&amp;ssl=1 1024w, https:\/\/i0.wp.com\/mitresalta.com.ar\/wpms\/wp-content\/uploads\/2024\/01\/operacion01.png?resize=768%2C387&amp;ssl=1 768w, https:\/\/i0.wp.com\/mitresalta.com.ar\/wpms\/wp-content\/uploads\/2024\/01\/operacion01.png?resize=850%2C428&amp;ssl=1 850w\" sizes=\"auto, (max-width: 640px) 100vw, 640px\" \/><\/a><\/p>\n","protected":false},"excerpt":{"rendered":"<p>Con estudios centrales en\u00a0Av, Francisco de Gurruchaga 225\u00a0de la ciudad de Salta (zona monumento a G\u00fcemes) y antena transmisora en\u00a0cerro 20 de Febrero, FM 25 de Mayo FM 93.3 (radio Mitre Salta), retransmite desde hace m\u00e1s de 20 a\u00f1os los programas l\u00edderes de\u00a0Radio Mitre AM 790\u00a0(Buenos Aires) con periodistas como\u00a0Eduardo Feinmann,\u00a0Jorge Lanata,\u00a0Alfredo Leuco, entre otros,\u00a0con&#8230;<\/p>\n","protected":false},"author":2,"featured_media":0,"parent":0,"menu_order":0,"comment_status":"closed","ping_status":"closed","template":"","meta":{"footnotes":""},"class_list":["post-162","page","type-page","status-publish","hentry"],"jetpack_sharing_enabled":true,"_links":{"self":[{"href":"https:\/\/mitresalta.com.ar\/wpms\/wp-json\/wp\/v2\/pages\/162","targetHints":{"allow":["GET"]}}],"collection":[{"href":"https:\/\/mitresalta.com.ar\/wpms\/wp-json\/wp\/v2\/pages"}],"about":[{"href":"https:\/\/mitresalta.com.ar\/wpms\/wp-json\/wp\/v2\/types\/page"}],"author":[{"embeddable":true,"href":"https:\/\/mitresalta.com.ar\/wpms\/wp-json\/wp\/v2\/users\/2"}],"replies":[{"embeddable":true,"href":"https:\/\/mitresalta.com.ar\/wpms\/wp-json\/wp\/v2\/comments?post=162"}],"version-history":[{"count":1,"href":"https:\/\/mitresalta.com.ar\/wpms\/wp-json\/wp\/v2\/pages\/162\/revisions"}],"predecessor-version":[{"id":166,"href":"https:\/\/mitresalta.com.ar\/wpms\/wp-json\/wp\/v2\/pages\/162\/revisions\/166"}],"wp:attachment":[{"href":"https:\/\/mitresalta.com.ar\/wpms\/wp-json\/wp\/v2\/media?parent=162"}],"curies":[{"name":"wp","href":"https:\/\/api.w.org\/{rel}","templated":true}]}}